{"id":364,"date":"2020-05-21T20:41:06","date_gmt":"2020-05-21T19:41:06","guid":{"rendered":"https:\/\/mygibb.com\/?page_id=364"},"modified":"2022-10-07T21:05:28","modified_gmt":"2022-10-07T19:05:28","slug":"vilkaar","status":"publish","type":"page","link":"https:\/\/staging7.dev.gibbs.no\/sv\/vilkaar\/","title":{"rendered":"Villkor"},"content":{"rendered":"<div data-elementor-type=\"wp-page\" data-elementor-id=\"364\" class=\"elementor elementor-364\" data-elementor-settings=\"[]\">\n\t\t\t\t\t\t\t<div class=\"elementor-section-wrap\">\n\t\t\t\t\t\t\t<section class=\"elementor-section elementor-top-section elementor-element elementor-element-c2e02e9 elementor-section-boxed elementor-section-height-default elementor-section-height-default magic-button-disabled-no\" data-id=\"c2e02e9\" data-element_type=\"section\">\n\t\t\t\t\t\t<div class=\"elementor-container elementor-column-gap-default\">\n\t\t\t\t\t<div class=\"elementor-column elementor-col-100 elementor-top-column elementor-element elementor-element-665bb8c\" data-id=\"665bb8c\" data-element_type=\"column\">\n\t\t\t<div class=\"elementor-widget-wrap elementor-element-populated\">\n\t\t\t\t\t\t\t\t<div class=\"elementor-element elementor-element-3f7193f elementor-widget elementor-widget-text-editor\" data-id=\"3f7193f\" data-element_type=\"widget\" data-widget_type=\"text-editor.default\">\n\t\t\t\t<div class=\"elementor-widget-container\">\n\t\t\t<style>\/*! elementor - v3.5.3 - 28-12-2021 *\/\n.elementor-widget-text-editor.elementor-drop-cap-view-stacked .elementor-drop-cap{background-color:#818a91;color:#fff}.elementor-widget-text-editor.elementor-drop-cap-view-framed .elementor-drop-cap{color:#818a91;border:3px solid;background-color:transparent}.elementor-widget-text-editor:not(.elementor-drop-cap-view-default) .elementor-drop-cap{margin-top:8px}.elementor-widget-text-editor:not(.elementor-drop-cap-view-default) .elementor-drop-cap-letter{width:1em;height:1em}.elementor-widget-text-editor .elementor-drop-cap{float:left;text-align:center;line-height:1;font-size:50px}.elementor-widget-text-editor .elementor-drop-cap-letter{display:inline-block}<\/style>\t\t\t\t<p><i style=\"font-family: -apple-system, BlinkMacSystemFont, 'Segoe UI', Roboto, Oxygen-Sans, Ubuntu, Cantarell, 'Helvetica Neue', Roboto; letter-spacing: 0px;\">Sist oppdatert 06. januar 2022<\/i><\/p>\n<p>Vennligst les disse vilk\u00e5rene for tjenesten \u201cgibbs\u201d (\u201cVilk\u00e5rene\u201d) n\u00f8ye f\u00f8r du bruker nettstedet under domenenavnet: https:\/\/staging6.dev.gibbs.no.<\/p>\n<p>gibbs drives av gibbs AS, org nr 922 265 739 med registrert forretningsadresse i storgata 15, 1767 Halden, Norge. gibbs AS formidler alle transaksjoner gjennom Tjenesten og betegnes som selger.<strong style=\"font-size: 15px;\"><strong><em>&nbsp;<\/em><\/strong><\/strong><\/p>\n<ul>\n<li><strong>I forts\u00e4ttningen h\u00e4nvisas till gibbs som &quot;Tj\u00e4nsten&quot; och gibbs AS som &quot;gibbs&quot;, &quot;Vi&quot; och\/eller &quot;oss&quot;<\/strong><\/li>\n<li><strong><strong><em>Leieobjekt&nbsp;er en fellesbetegnelse for alt som kan leies og tjenester som kan bookes gjennom gibbs.<\/em><\/strong><\/strong>\n<p>Din tilgang til og bruk av Tjenesten er betinget p\u00e5 at du aksepterer disse vilk\u00e5rene. Vilk\u00e5rene gjelder for alle brukere, bes\u00f8kende og andre som har tilgang til Tjenesten. gibbs&nbsp;forbeholder seg retten til \u00e5 oppdatere og revidere Vilk\u00e5rene. Oppdaterte Vilk\u00e5r vil v\u00e6re tilgjengelig gjennom Tjenesten 30 dager f\u00f8r de trer i kraft.&nbsp;<\/p>\n<h3>1. Registrering av konto&nbsp;<\/h3>\n<p><\/p>\n<p>1.1 Ved \u00e5 registrere en konto hos oss forplikter du deg til \u00e5 gi oss korrekt og fullstendig informasjon, samt til \u00e5 holde denne oppdatert til enhver tid. Registrering er bare mulig for fysiske personer som er over 18 \u00e5r.&nbsp;<\/p>\n<p>1.2 gibbs forbeholder seg retten ved mistanke om misbruk av Tjenesten eller Brukerens manglende oppfyllelse av Vilk\u00e5rene, til \u00e5 kontrollere Brukerens eventuelle korrespondanse med andre Brukere via Tjenesten, samt \u00e5 si opp Brukerens konto med umiddelbar virkning.<\/p>\n<h3>2. Annonsering<\/h3>\n<p><\/p>\n<p>2.1 Alle annonseringer gjennom Tjenesten skal kun utf\u00f8res av fysiske og juridiske personer som har fullmakt til \u00e5 inng\u00e5 avtaler som angitt i disse Vilk\u00e5rene.<\/p>\n<p>2.2 Det er kun tillatt \u00e5 publisere annonsere med m\u00e5l om \u00e5 leie ut objektet. Med form\u00e5l om ren markedsf\u00f8ring der utleie foreg\u00e5r gjennom andre kanaler enn Tjenesten er ikke tillatt. Det vil si \u00e5 annonsere p\u00e5 Tjenesten og gjennomf\u00f8re betaling utenfor Tjenesten. Det ansees som ren markedsf\u00f8ring og kan medf\u00f8re utestengelse fra Tjenesten.&nbsp;<\/p>\n<p>2.3 Hvis det ligger flere utleieobjekter i en annonse, eks 3 forskjellige h\u00f8yttallere i en og samme annonse. S\u00e5 er dette ikke tillatt. Det samme gjelder hvis det er flere annonser om det samme leieobjektet. Men derimot hvis det er samme type h\u00f8yttallere, s\u00e5 kan dette legges i en annonse ved \u00e5 oppgi antall h\u00f8yttalere som er tilgjengelig for utleie.&nbsp;<\/p>\n<p>2.4 Utleieren er ansvarlig for at opplysningene som oppgis i annonsen er korrekte og fullstendige.<\/p>\n<p>2.5 Tittelen og beskrivelsen av annonsen skal v\u00e6re tydelig og beskrive det leieobjektet best mulig. Annen informasjon som beskriver noe annet en leieobjektet, tilbud som faller utenfor leieobjektet, eksterne lenker og kontaktinformasjon er ikke tillatt.<\/p>\n<p>2.6 Det er ikke tillatt \u00e5 annonsere tilbud som er urealistisk. gibbs forbeholder seg retten til \u00e5 nekte eller avbryte publisering av annonser som if\u00f8lge gibbs bed\u00f8mmes feilaktig og\/eller urealistiske.&nbsp;<\/p>\n<p>2.7&nbsp;Prisene for annonsene skal v\u00e6re lik den prisen utleier operer med til vanlig. Et avvik som f\u00f8rer til h\u00f8yere priser p\u00e5 annonsene enn utleiers eksterne nettsider vil ikke bli akseptert. Hvis annonsen er billigere et annet sted, kan gibbs kreve \u00e5 f\u00e5 mellomlegget p\u00e5 vegne av kunde.&nbsp;<\/p>\n<p>2.8 Alle annonseringer gjennom Tjenesten skal v\u00e6re etisk korrekt. Det er ikke tillatt \u00e5 publisere annonser som er st\u00f8tende for enkeltpersoner og folkegrupper.&nbsp;&nbsp;<\/p>\n<p>2.9 gibbs forbeholder seg retten til \u00e5 foreta endringer eller justeringer av annonser som gibbs anser n\u00f8dvendige for \u00e5 oppfylle disse Vilk\u00e5rene. Slike endringer kan, men trenger ikke, kommuniseres til Brukere.<\/p>\n<h3>3. Leievilk\u00e5r<\/h3>\n<p><\/p>\n<p>3.1 Utleieren garanterer ved publisering av annonsen at de har eierskap eller har rett til \u00e5 leie ut leieobjektet.<\/p>\n<p>3.2 Utleiere og Leietakere er ansvarlige for \u00e5 kontrollere gyldigheten av respektive Brukers legitimasjon f\u00f8r utlevering eller levering av leieobjektet.<\/p>\n<p>3.3 Utleieren er ansvarlig for \u00e5 holde leieobjektet, samt eventuell relatert utstyr forsikret. Dette gjelder under leieperioden.&nbsp;<\/p>\n<p>3.4 Leietakeren er ansvarlig for \u00e5 ta godt vare p\u00e5 leieobjektet. S\u00e5 langt det er mulig, returnere\/v\u00e6re det i samme stand som n\u00e5r det ble leid ut. Skulle Leietakeren p\u00e5f\u00f8re skade p\u00e5 leieobjektet gjennom uhell eller uaktsomhet er Leietakeren erstatningspliktig til Utleieren for de kostnader som p\u00e5l\u00f8per for Leieobjektet.<\/p>\n<p>3.5 Gjennom \u00e5 reservere et leieobjekt i samsvar med Punkt 4.1 nedenfor godkjenner Leietakeren avbestillingsbetingelsene som er angitt i den respektive annonsen eller blir formidlet gjennom innboksen.<\/p>\n<p>3.6 Utleieren velger selv avbestillingsbetingelser og opplyser dette i beskrivelsen av utleieobjektet eller gjennom dialogen p\u00e5 innboksen i Tjenesten. Utleier st\u00e5r hovedansvarlig for at informasjon, regler og kontrakter ang\u00e5ende avbestillinger blir formidlet til leietaker, samt signert.<\/p>\n<h3>4. Utleie og leveranse<\/h3>\n<p><\/p>\n<p>4.1 En reservering av det annonserte leieobjektet oppst\u00e5r n\u00e5r Leietaker bekrefter reservering av leieobjektet, gjennom \u00e5 identifisere seg med Brukerprofil.&nbsp;Utleier m\u00e5 godkjenne eller avsl\u00e5 denne innen 72 timer.&nbsp;Deretter skal Leietaker betale leiebel\u00f8pet i samsvar med Punkt 5.1 nedenfor. En bestillingsbekreftelse sendes deretter via e-post til b\u00e5de Utleier og Leietaker, som inneholder informasjon om avtalen. Informasjonen i bestillingsbekreftelsen er ogs\u00e5 tilgjengelig for Brukere gjennom Tjenesten.<\/p>\n<p>4.2&nbsp;Hvis en utleier har automatisk godkjenning, vil man m\u00e5tte betale f\u00f8r man kan foreta en reservasjon. Da vil leietaker hoppe over steget reservasjon og leieobjektet vil v\u00e6re tilgjengelig i valgt tidsrom etter gjennomf\u00f8rt betaling.&nbsp;<\/p>\n<p>4.3 Leveranse eller utlevering av leieobjekt skal skje i henhold til Utleiers og Leietakers gjensidige avtale i forbindelse med reserveringen.<\/p>\n<h3>5. Betaling<\/h3>\n<p><\/p>\n<p>5.1 Betalingen av leiebel\u00f8pet blir gjort i forbindelse med reserveringen via Tjenesten og h\u00e5ndteres via gibbs sin samarbeidspartner Stripe&nbsp;<a><font color=\"#707070\">(www.stripe.com). Betaling skjer i Tjenesten med debit- eller kredittkort fra Visa, MasterCard, eller American Express.<\/font>&nbsp;<br><span style=\"color: #707070;\">et p\u00e5 vegne av<\/span><br><\/a><\/p>\n<p>5.2 Ved betaling trekkes leiebel\u00f8pet fra det debit- eller kredittkortet som Leietaker har angitt i forbindelse med reservering i henhold til Punkt 4.1 ovenfor. gibbs beholder leiebel\u00f8pet p\u00e5 vegne av Leietaker og Utleier under hele leieperioden. Leiebel\u00f8pet overf\u00f8res deretter til Utleierens angitte bankkonto, etter avdrag for gibbs sin serviceavgift i henhold til Punkt 6 nedenfor, senest femten (15) dager etter utleieperiodens slutt.<\/p>\n<p>5.3 Ved kansellering av utleie refunderes penger til leietakeren i henhold til avbestillingsbetingelsene som er avtalt mellom utleier og leietaker. N\u00e5r avbestillingen er gjennomf\u00f8rt og gibbs f\u00e5r skriftlig beskjed fra leietaker og utleier, s\u00e5 sendes en beskjed direkte til v\u00e5r samarbeidspartner Stripe som h\u00e5ndterer refusjonen. Det tar vanligvis mellom 5-15 dager f\u00f8r tilbakebetalingen gjennomf\u00f8res og pengene er synlige p\u00e5 kortet igjen.<\/p>\n<h3 style=\"font-family: -apple-system, &quot;system-ui&quot;, &quot;Segoe UI&quot;, Roboto, Oxygen-Sans, Ubuntu, Cantarell, &quot;Helvetica Neue&quot;, Roboto;\">6. Serviceavgift<\/h3>\n<p><\/p>\n<p>6.1 gibbs tar en serviceavgift for bestillinger som skjer via Tjenesten. Serviceavgiften utgj\u00f8r 10% av bel\u00f8pet som er avtalt mellom Brukerne. gibbs har rett til \u00e5 endre serviceavgiften ved \u00e5 endre disse Vilk\u00e5rene.<\/p>\n<p>6.2 Brukere som unng\u00e5r \u00e5 betale serviceavgiften. F.eks. Gjennom \u00e5 ta betalt utenfor Tjenesten kan sies opp etter punkt 11.1.<\/p>\n<h3 style=\"font-family: -apple-system, &quot;system-ui&quot;, &quot;Segoe UI&quot;, Roboto, Oxygen-Sans, Ubuntu, Cantarell, &quot;Helvetica Neue&quot;, Roboto;\">7.&nbsp; Avbestilling &amp; reklamasjon<\/h3>\n<p><\/p>\n<p>7.1 Avbestilling av reservert leieobjekt kan skje av Leietaker i samsvar med avbestillingsbetingelsene som er lagt til grunn av utleier.<\/p>\n<p>7.2 Utleieren og Leietakeren har rett til \u00e5 avbestille en reservasjon p\u00e5 grunn av omstendigheter som Utleieren eller Leietakeren selv ikke kunne forutse eller kontrollere (force majeure).<\/p>\n<p>7.3 Eventuelle reklamasjoner, innvendinger og krav p\u00e5 erstatning i forbindelse med leieobjektet meldes ifra til gibbs og gibbs vil videre formidle og s\u00f8rge for at Utleier f\u00e5r beskjed og h\u00e5ndterer dette. Reklamasjon m\u00e5 skje senest 7 dager etter endt leieforhold.&nbsp;<\/p>\n<p>7.4 Ved kansellering og tilbakebetaling til Leietaker, s\u00e5 vil ikke 3-5% av totalsummen bli refundert, siden v\u00e5r samarbeidspartner (Stripes) tar sin gebyr for den opprinnelige betalingen.<\/p>\n<h3 style=\"font-family: -apple-system, &quot;system-ui&quot;, &quot;Segoe UI&quot;, Roboto, Oxygen-Sans, Ubuntu, Cantarell, &quot;Helvetica Neue&quot;, Roboto;\">8. Brukerens ansvar<\/h3>\n<p><\/p>\n<p>8.1 Brukere forplikter seg til \u00e5 bruke Tjenesten i samsvar med Vilk\u00e5rene.<\/p>\n<p>8.2 Brukeren har ansvar for all informasjon som publiseres via Tjenesten. Det inneb\u00e6rer opplysningene ved registrering av konto og det som publiseres om leieobjektet eller p\u00e5 annen m\u00e5te gjennom Tjenesten. Brukeren m\u00e5 passe p\u00e5 at det er korrekt informasjon og at det ikke strider mot vilk\u00e5rene og gjeldende lover.<\/p>\n<p>8.3 Brukeren garanterer at Brukeren har alle n\u00f8dvendige rettigheter til innhold som en Bruker lager og\/eller laster opp til Tjenesten.&nbsp;<\/p>\n<p>8.4 Gjennom \u00e5 laste opp Brukerinnhold gir Brukeren gibbs ubegrenset rett til \u00e5 fritt disponere det Brukerinnholdet, gjennom for.eks \u00e5 behandle, tilpasse, lagre eller kopiere det og gj\u00f8re det tilgjengelig for allmennheten.<\/p>\n<p>8.5 gibbs sin bruk av det Brukerinnholdet gir ikke anledning til krav om kompensasjon fra Brukeren.<\/p>\n<p>8.6 Brukere kan holdes ansvarlig for eventuelle tap eller skade som p\u00e5virker gibbs eller andre p\u00e5 grunn av Brukerens brudd mot Vilk\u00e5rene eller gjeldende lov eller som f\u00f8lge av annen type oppf\u00f8rsel.<\/p>\n<h3 style=\"font-family: -apple-system, &quot;system-ui&quot;, &quot;Segoe UI&quot;, Roboto, Oxygen-Sans, Ubuntu, Cantarell, &quot;Helvetica Neue&quot;, Roboto;\">9. gibbs sitt ansvar<\/h3>\n<p><\/p>\n<p>9.1 gibbs jobber for \u00e5 sikre at Tjenesten er tilgjengelig tjuefire (24) timer i d\u00f8gnet. gibbs har imidlertid ikke ansvar om hele eller deler av Tjenesten er utilgjengelig n\u00e5r som helst eller for hvilken som helst periode, uavhengig av \u00e5rsak.<\/p>\n<p>9.2 Tilgang til Tjenesten kan avbrytes midlertidig og uten forvarsel i tilfelle systemfeil, vedlikehold, reparasjon eller av andre grunner som er utenfor gibbs sin kontroll.<\/p>\n<p>9.3 Innholdet i Tjenesten er gitt \u00absom det er\u00bb og gibbs gir ingen garantier ang\u00e5ende innholdet.<\/p>\n<p>9.4 gibbs kommer til \u00e5 samarbeide fullt ut med alle myndigheter og f\u00f8lge alle rettsavgj\u00f8relser som krever utlevering av personopplysninger eller stedsinformasjon for noen som har publisert innhold i strid med Vilk\u00e5rene.<\/p>\n<h3 style=\"font-family: -apple-system, &quot;system-ui&quot;, &quot;Segoe UI&quot;, Roboto, Oxygen-Sans, Ubuntu, Cantarell, &quot;Helvetica Neue&quot;, Roboto;\">10. Ansvarsbegrensning<\/h3>\n<p><\/p>\n<p>10.1 gibbs fraskriver seg herved, i den utstrekning det er tillatt av gjeldende lov, ansvar for direkte og indirekte skader og\/eller tap. Samt skader p\u00e5f\u00f8rt Brukere eller tredjepart i forbindelse med bruken eller utfordringer med bruken av Tjenesten. Uansett hvordan skaden oppst\u00e5r og uansett om skaden er for\u00e5rsaket av uaktsomhet, kontraktsbrudd, eller annet \u00e5rsak.<\/p>\n<p>10.2 Begrensning av ansvar (i dette avsnittet) endrer eller begrenser ikke en Brukers rettigheter som forbruker og utelukker eller begrenser ikke ansvar i den utstrekning som ikke er tillatt i gjeldende lov.<\/p>\n<h3 style=\"font-family: -apple-system, &quot;system-ui&quot;, &quot;Segoe UI&quot;, Roboto, Oxygen-Sans, Ubuntu, Cantarell, &quot;Helvetica Neue&quot;, Roboto;\">11. Oppsigelse av konto<\/h3>\n<p><\/p>\n<p>11.1 gibbs har rett til, etter eget skj\u00f8nn og uten forvarsel, begrense en Brukers tilgang til Tjenesten og\/eller \u00e5 nekte all korrespondanse med en Bruker i tilfelle:<\/p>\n<\/li>\n<li>Det skjer en regulatorisk endring som begrenser gibbs sin evne til \u00e5 tilby tilgang til Tjenesten<\/li>\n<li>Enhver hendelse utenfor gibbs sin kontroll som hindrer gibbs fra \u00e5 tilby tilgang til Tjenesten inkludert, men ikke begrenset til, tekniske problem, kapasitetsproblem og kommunikasjonsproblem<\/li>\n<li>gibbs mener at en Bruker misbruker Tjenesten eller p\u00e5 annet vis handler i strid med Vilk\u00e5rene.&nbsp;<\/li>\n<li><span style=\"font-size: 16px;\">gibbs har rett til \u00e5 fjerne opplysninger Brukeren legger inn i Tjenesten, for \u00e5 oppfylle sine forpliktelser i henhold til lovverk.<\/span><br><\/li>\n<li>\n<ul>\n<li>\n<h3>12. Personopplysninger<\/h3>\n<p><\/p>\n<p>12.1 Bruk av Tjenesten inneb\u00e6rer behandling av personopplysninger for ulike form\u00e5l. gibbs er behandlingsansvarlig for all behandling av personopplysninger som gibbs, eller andre p\u00e5 vegne av gibbs, utf\u00f8rer innenfor rammen for Tjenesten. Personopplysninger er informasjon som direkte eller indirekte kan knyttes til en person, for eksempel navn og adresse.&nbsp;<\/p>\n<p>12.2 Gjennom \u00e5 akseptere Vilk\u00e5rene samtykker Brukerne til at gibbs behandler<\/p>\n<p>(i) Kontaktopplysninger som navn, e-post, telefonnummer og adresse(ii) Betalingsopplysninger som debit- eller kredittkort eller bankkonto for utbetaling, (iii) Geografisk posisjon som koordinater, (iv) Detaljert ordrehistorikk inkludert kvittering og tidspunkter, (v) IP-adresse (vi) Brukerinformasjon som er lagt inn i annonser.<\/p>\n<h3>13. Intellektuelle eiendomsrettigheter&nbsp;<\/h3>\n<p><\/p>\n<p>Om annet ikke angis i disse Vilk\u00e5rene eller i Tjenesten, eier gibbs AS, eller gibbs sin lisensgiver samtlige intellektuelle og andre rettigheter, inkludert opphavsrett og rettigheter til varemerke. Brukere f\u00e5r ikke uten gibbs sin skriftlige samtykke distribuere, fremvise eller kopiere brukerinnholdet i Tjenesten.<\/p>\n<h3>14. Annet<\/h3>\n<p><\/p>\n<p>14.1 Om noen bestemmelse i disse Vilk\u00e5rene anses \u00e5 v\u00e6re ulovlig, ugyldig eller ikke h\u00e5ndhevbar av andre grunner, skal denne bestemmelsen ansees utelatt og skal ikke p\u00e5virke gyldigheten eller h\u00e5ndhevelsen av noen av de gjenv\u00e6rende bestemmelsene i vilk\u00e5rene.<\/p>\n<p>14.2 Disse Vilk\u00e5rene utgj\u00f8r hele avtalen mellom gibbs og Bruker ang\u00e5ende bruk av Tjenesten (gibbs) og erstatter alle tidligere avtaler og erkl\u00e6ringer med hensyn til dette.<\/p>\n<p>14.3 Disse Vilk\u00e5rene er utarbeidet og skal tolkes i henhold til Norsk lov.<\/p>\n<p><\/p>\n<p>Hvis du har noen sp\u00f8rsm\u00e5l ang\u00e5ende disse vilk\u00e5renen eller noe annet kan du kontakte oss p\u00e5&nbsp;<a href=\"mailto:kontakt@gibbs.no\">kontakt@gibbs.no.<\/a><\/p>\n<\/li>\n<\/ul>\n<\/li>\n<\/ul>\t\t\t\t\t\t<\/div>\n\t\t\t\t<\/div>\n\t\t\t\t\t<\/div>\n\t\t<\/div>\n\t\t\t\t\t\t\t<\/div>\n\t\t<\/section>\n\t\t\t\t\t\t<\/div>\n\t\t\t\t\t<\/div>","protected":false},"excerpt":{"rendered":"<p>Sist oppdatert 06. januar 2022 Vennligst les disse vilk\u00e5rene for tjenesten \u201cgibbs\u201d (\u201cVilk\u00e5rene\u201d) n\u00f8ye f\u00f8r du bruker nettstedet under domenenavnet: https:\/\/staging7.dev.gibbs.no. gibbs drives av gibbs AS, org nr 922 265 739 med registrert forretningsadresse i storgata 15, 1767 Halden, Norge. gibbs AS formidler alle transaksjoner gjennom Tjenesten og betegnes som selger.&nbsp; Heretter omtales gibbs som [&hellip;]<\/p>","protected":false},"author":1,"featured_media":0,"parent":0,"menu_order":0,"comment_status":"closed","ping_status":"closed","template":"","meta":{"inline_featured_image":false,"footnotes":""},"class_list":["post-364","page","type-page","status-publish","hentry"],"_links":{"self":[{"href":"https:\/\/staging7.dev.gibbs.no\/sv\/wp-json\/wp\/v2\/pages\/364","targetHints":{"allow":["GET"]}}],"collection":[{"href":"https:\/\/staging7.dev.gibbs.no\/sv\/wp-json\/wp\/v2\/pages"}],"about":[{"href":"https:\/\/staging7.dev.gibbs.no\/sv\/wp-json\/wp\/v2\/types\/page"}],"author":[{"embeddable":true,"href":"https:\/\/staging7.dev.gibbs.no\/sv\/wp-json\/wp\/v2\/users\/1"}],"replies":[{"embeddable":true,"href":"https:\/\/staging7.dev.gibbs.no\/sv\/wp-json\/wp\/v2\/comments?post=364"}],"version-history":[{"count":0,"href":"https:\/\/staging7.dev.gibbs.no\/sv\/wp-json\/wp\/v2\/pages\/364\/revisions"}],"wp:attachment":[{"href":"https:\/\/staging7.dev.gibbs.no\/sv\/wp-json\/wp\/v2\/media?parent=364"}],"curies":[{"name":"wp","href":"https:\/\/api.w.org\/{rel}","templated":true}]}}